{"id":256,"date":"2019-01-08T07:07:59","date_gmt":"2019-01-08T07:07:59","guid":{"rendered":"http:\/\/www.strak-kiel.de\/?page_id=256"},"modified":"2026-02-19T19:52:15","modified_gmt":"2026-02-19T19:52:15","slug":"familie-strak","status":"publish","type":"page","link":"https:\/\/www.strak-kiel.de\/","title":{"rendered":"Familie Strak"},"content":{"rendered":"\n<h1 class=\"wp-block-heading has-text-align-center\"><strong>Familie Strak<\/strong><\/h1>\n\n\n\n<p class=\"has-drop-cap has-very-light-gray-background-color has-background\">Die Familie Strak ist der Verein aktiver und ehemaliger Schiffbau <br> Studierender der Fachhochschule Kiel. Die Vereinigung wurde im Mai 1903 erstmalig von 12 Studenten der damaligen ersten Kieler Schiffbauerklasse gegr\u00fcndet. Sp\u00e4ter trat der Altherrenverband dazu. <br><br>Der Name Strak ist mit Satzung vom 5.Februar 1919 begr\u00fcndet. Die Familie Strak ist damit die \u00e4lteste Alumnivereinigung an der Fachhochschule Kiel. <br><br>Der Verein versteht sich als Netzwerk und F\u00f6rderverein f\u00fcr Schiffbauer und Schiffbauerinnen, der allen interessierten offen steht.Er will das Studium im Fachbereich sowie das studentische Leben durch die Bereitstellung von Mitteln f\u00fcr Ma\u00dfnahmen f\u00f6rdern, die im \u00f6ffentlichen Haushalt nicht oder nicht ausreichend ber\u00fccksichtigt sind. <br><br>Der Verein organisiert insbesondere Vortragsveranstaltungen, in deren Rahmen auch ehemalige Absolventen \u00fcber Fachthemen aus der Praxis berichten und an der Entwicklung an der FH teilhaben k\u00f6nnen, z.B. seit 2014 den j\u00e4hrlich geplanten Vortragstag \u201ePraxis trifft Lehre\u201c. <br><br>Im Register des Vereins sind zurzeit ca. 420 Ehemalige und Studenten gef\u00fchrt, 84 davon aus Kiel oder der n\u00e4heren Umgebung. <br>Der Verein m\u00f6chte mit dieser Veranstaltung die \u00d6ffentlichkeit, aber auch vor allem ehemalige Studenten oder Studentinnen erreichen, zu denen der Kontakt im Laufe der Jahre verloren gegangen ist. <br><br>Der Verein finanziert sich aus den Mitgliederbeitr\u00e4gen und Spenden. Er ist als gemeinn\u00fctzig vom Finanzamt Kiel anerkannt.<br><br>Der Vorstand des Vereins setzt sich zusammen aus:<br>1. Vorsitzender als Strakvater: Frederik Hlubek <br>2. Vorsitzender als Studentischer Vertreter: Fabian Klischat<br>Kassenwart: Kersten Prophet<br>Schriftwart: Lasse Voi\u00df<\/p>\n\n\n\n<h1 class=\"wp-block-heading\">Werde jetzt Mitglied in der Familie Strak:<\/h1>\n\n\n\n<p>Um euch bei der Familie Strak einzuschreiben <a href=\"https:\/\/www.strak-kiel.de\/wp-admin\/profile.php\" data-type=\"link\" data-id=\"https:\/\/www.strak-kiel.de\/wp-admin\/profile.php\">meldet euch auf der Webseite<\/a> an und schreibt euch unter folgenden Link ein.  <br><a href=\"https:\/\/www.strak-kiel.de\/?page_id=697\" data-type=\"page\" data-id=\"697\">Einschreiben als Mitglied der Familie Strak<\/a><br><br>Ihr k\u00f6nnte eure Daten dann jeder zeit aktualisieren, wenn sich bei euch etwas ge\u00e4ndert hat.<br><br>Gut Strak &#8211; wir freuen uns auf euch. <\/p>\n\n\n\n<h1 class=\"wp-block-heading\">Aktuelle Strakmitteilungen<\/h1>\n\n\n\n<div class=\"display-posts-listing\"><div class=\"listing-item\"><a class=\"image\" href=\"https:\/\/www.strak-kiel.de\/?p=951\"><img loading=\"lazy\" decoding=\"async\" width=\"150\" height=\"150\" src=\"https:\/\/www.strak-kiel.de\/wp-content\/uploads\/2017\/05\/Strakwappen_kl-150x150.jpg\" class=\"attachment-thumbnail size-thumbnail wp-post-image\" alt=\"\" \/><\/a> <a class=\"title\" href=\"https:\/\/www.strak-kiel.de\/?p=951\">Strakmitteilung 02 &#8211; 2026<\/a> <span class=\"excerpt-dash\">-<\/span> <span class=\"excerpt\">Liebe Strakerinnen und Straker, mit dieser Mitteilung m\u00f6chten wir euch \u00fcber die neuesten Projekte aus&hellip; <span class=\"excerpt-more\"><\/span><\/span><\/div><div class=\"listing-item\"><a class=\"image\" href=\"https:\/\/www.strak-kiel.de\/?p=916\"><img loading=\"lazy\" decoding=\"async\" width=\"150\" height=\"150\" src=\"https:\/\/www.strak-kiel.de\/wp-content\/uploads\/2017\/05\/Strakwappen_kl-150x150.jpg\" class=\"attachment-thumbnail size-thumbnail wp-post-image\" alt=\"\" \/><\/a> <a class=\"title\" href=\"https:\/\/www.strak-kiel.de\/?p=916\">Strakmitteilung \u2013 Jahreswechsel 2025\/2026<\/a> <span class=\"excerpt-dash\">-<\/span> <span class=\"excerpt\">Liebe Strakerinnen und Straker das Jahr 2025 war f\u00fcr unsere familie Strak ereignis- und erfolgreich!&hellip; <span class=\"excerpt-more\"><\/span><\/span><\/div><div class=\"listing-item\"><a class=\"image\" href=\"https:\/\/www.strak-kiel.de\/?p=908\"><img loading=\"lazy\" decoding=\"async\" width=\"150\" height=\"150\" src=\"https:\/\/www.strak-kiel.de\/wp-content\/uploads\/2025\/12\/weihnachtsgruss_02-150x150.jpg\" class=\"attachment-thumbnail size-thumbnail wp-post-image\" alt=\"\" \/><\/a> <a class=\"title\" href=\"https:\/\/www.strak-kiel.de\/?p=908\">Frohe Weihnachten von der Familie Strak<\/a> <span class=\"excerpt-dash\">-<\/span> <span class=\"excerpt\">Liebe Strakerinnen und Straker in dieser stillen Adventszeit, wo Kerzenschein und der Duft von Gl\u00fchwein&hellip; <span class=\"excerpt-more\"><\/span><\/span><\/div><\/div>\n\n\n\n<h2 class=\"wp-block-heading\">Satzung und Bankverbindung<\/h2>\n\n\n\n<p><a href=\"https:\/\/www.strak-kiel.de\/wp-content\/uploads\/2017\/10\/Satzung-Familie-Strak-Rev-1-2014-11-22-mitUS.pdf\">Satzung Familie Strak Rev-1<\/a> <br><br>Bankverbindung: Familie Strak, <br><strong>GLS-Bank <br>IBAN: DE95 4306 0967 1343 8503 00<br>BIC: GENODEM1G<\/strong>LS<br><br>Steuer Nr.: 20 \/ 291 \/ 75156 Finanzamt Kiel<\/p>\n\n\n\n<p><\/p>\n\n\n\n<p><\/p>\n","protected":false},"excerpt":{"rendered":"<p>Familie Strak Die Familie Strak ist der Verein aktiver und ehemaliger Schiffbau Studierender der Fachhochschule Kiel. Die Vereinigung wurde im Mai 1903 erstmalig von 12 Studenten der damaligen ersten Kieler Schiffbauerklasse gegr\u00fcndet. Sp\u00e4ter trat der Altherrenverband dazu. Der Name Strak ist mit Satzung vom 5.Februar 1919 begr\u00fcndet. Die Familie Strak [&hellip;]<\/p>\n","protected":false},"author":1,"featured_media":0,"parent":0,"menu_order":0,"comment_status":"closed","ping_status":"closed","template":"","meta":{"footnotes":""},"class_list":["post-256","page","type-page","status-publish","hentry"],"_links":{"self":[{"href":"https:\/\/www.strak-kiel.de\/index.php?rest_route=\/wp\/v2\/pages\/256","targetHints":{"allow":["GET"]}}],"collection":[{"href":"https:\/\/www.strak-kiel.de\/index.php?rest_route=\/wp\/v2\/pages"}],"about":[{"href":"https:\/\/www.strak-kiel.de\/index.php?rest_route=\/wp\/v2\/types\/page"}],"author":[{"embeddable":true,"href":"https:\/\/www.strak-kiel.de\/index.php?rest_route=\/wp\/v2\/users\/1"}],"replies":[{"embeddable":true,"href":"https:\/\/www.strak-kiel.de\/index.php?rest_route=%2Fwp%2Fv2%2Fcomments&post=256"}],"version-history":[{"count":52,"href":"https:\/\/www.strak-kiel.de\/index.php?rest_route=\/wp\/v2\/pages\/256\/revisions"}],"predecessor-version":[{"id":937,"href":"https:\/\/www.strak-kiel.de\/index.php?rest_route=\/wp\/v2\/pages\/256\/revisions\/937"}],"wp:attachment":[{"href":"https:\/\/www.strak-kiel.de\/index.php?rest_route=%2Fwp%2Fv2%2Fmedia&parent=256"}],"curies":[{"name":"wp","href":"https:\/\/api.w.org\/{rel}","templated":true}]}}